{"id":3541,"date":"2025-12-30T12:47:12","date_gmt":"2025-12-30T12:47:12","guid":{"rendered":"https:\/\/markermap.net\/financing\/"},"modified":"2026-02-06T14:34:59","modified_gmt":"2026-02-06T14:34:59","slug":"financing","status":"publish","type":"page","link":"https:\/\/markermap.net\/en\/financing\/","title":{"rendered":"Financing"},"content":{"rendered":"\n<p>Operator:<br\/><strong>MarkerMap<\/strong> interterritorial<br\/>fip m20maps23<\/p>\n\n<p>We are an independent, transnational <a href=\"https:\/\/wirtschaftslexikon.gabler.de\/definition\/nonprofit-organisation-npo-39562\" target=\"_blank\" rel=\"noreferrer noopener\">nonprofit organization (NPO)<\/a>.<br\/><a href=\"https:\/\/wirtschaftslexikon.gabler.de\/definition\/nonprofit-organisation-npo-39562\" target=\"_blank\" rel=\"noreferrer noopener\"> <\/a><br\/><strong>Our services are financed exclusively through donations.<\/strong><br\/>Expenses include: servers, software, fees.<\/p>\n\n<p>The <strong>Jonathan L\u00f6wenherz Foundation<\/strong> is responsible for <strong>pre-financing<\/strong> and <strong>accepting donations<\/strong>.<\/p>\n\n<p><strong>The regular operating costs amount to around \u20ac1,000 per year.<\/strong><br\/>Based on 40 users, this currently equates to \u20ac25 per year, or \u20ac18 per year for 55 entries.<br\/>For 2026, we hope to have at least 100 users who will share the costs.<br\/><strong>That would be \u20ac10 per person to cover the regular expenses.<\/strong><br\/>Any surplus will be used for the further development of MarkerMap and administrative activities.<\/p>\n\n<p><strong>Donations for OSM.<\/strong> We use OpenStreetMap as our base maps.<br\/>Donations to this project are also very welcome.<br\/><a href=\"https:\/\/supporting.openstreetmap.org\/donate\/\" target=\"_blank\" rel=\"noreferrer noopener\">You can donate directly<\/a> <a href=\"https:\/\/supporting.openstreetmap.org\/donate\/\" target=\"_blank\" rel=\"noreferrer noopener\">to OSM here.<\/a><\/p>\n\n<p><strong>We publish all expenses and income transparently in the appendix.<br\/><\/strong><\/p>\n\n<div class=\"wp-block-buttons is-layout-flex wp-block-buttons-is-layout-flex\">\n<div class=\"wp-block-button\"><a class=\"wp-block-button__link wp-element-button\" href=\"https:\/\/stiftung.loewenherz.online\/spenden\" target=\"_blank\" rel=\"noreferrer noopener\">donate to MarkerMap<\/a><\/div>\n<\/div>\n\n<div style=\"height:20px\" aria-hidden=\"true\" class=\"wp-block-spacer\"><\/div>\n\n<h2 class=\"wp-block-heading\">regular expenses<\/h2>\n\n<h4 class=\"wp-block-heading\">Managed Plesk Server S<\/h4>\n\n<p><strong>Price<\/strong>: around \u20ac700.00 per year \/ <strong>\u20ac58.31 per month<\/strong><br\/>for operating the website<br\/>of <a href=\"https:\/\/my.scaleuptech.com\/cart.php?a=confproduct&amp;i=2\" target=\"_blank\" rel=\"noreferrer noopener\">ScaleupTech.com<\/a><\/p>\n\n<p><strong>Server address<\/strong>: 70827-web01.yco.de<br\/><strong>Main IP<\/strong>: 45.139.157.124<br\/><strong>Name server<\/strong>: 85.158.1.30 \/ 93.92.134.126<\/p>\n\n<h4 class=\"wp-block-heading\">Purchase Imunify360 Licenses<\/h4>\n\n<p><strong>Price<\/strong>: $144.00 per year \/ approximately <strong>\u20ac6.83 per month<\/strong><br\/>for server and content protection.<br\/>from <a href=\"https:\/\/imunify360.com\/purchase-imunify-1\/\" target=\"_blank\" rel=\"noreferrer noopener\">imunify360.com<\/a><\/p>\n\n<h4 class=\"wp-block-heading\">Maps Marker Pro &#8211; Personal package<\/h4>\n\n<p><strong>Price<\/strong>: \u20ac49.00 gross \/<strong> \u20ac<\/strong>4.08 per month<br\/>for creating markers and maps<br\/>WEB plugin &#8211; license for 1 domain<br\/>from <strong><a href=\"https:\/\/www.mapsmarker.com\/store\/order\/index.php?task=product&amp;product_id=1&amp;category_id=1\" target=\"_blank\" rel=\"noreferrer noopener\">MapsMarker.com<\/a><\/strong><br\/><br\/>including updates and support.<br\/>(After that, free of charge without updates and support)<\/p>\n\n<h4 class=\"wp-block-heading\">WPML Multilingual CMS<\/h4>\n\n<p><strong>Price<\/strong>: \u20ac 117.81 year \/ <strong>\u20ac 9.82 month<\/strong><br\/>for translating website content<br\/>WEB plugin &#8211; license for 1 domain<br\/>from <a href=\"https:\/\/wpml.org\/de\/checkout\/\" target=\"_blank\" rel=\"noreferrer noopener\">WPML.org<\/a><\/p>\n\n<h4 class=\"wp-block-heading\">WP Forms<\/h4>\n\n<p><strong>Price:<\/strong> 49,00 \u20ac year \/ <strong>4,08 \u20ac month<\/strong><br\/>f\u00fcr Formulare wie Eintr\u00e4ge &amp; \u00c4nderungen<br\/>Lizenz Basic f\u00fcr eine Domain<br\/>von <a href=\"https:\/\/wpforms.com\/pricing\/\" target=\"_blank\" rel=\"noreferrer noopener\">wpforms.com<\/a><\/p>\n\n<h4 class=\"wp-block-heading\">Domains<\/h4>\n\n<p><strong>Prices<\/strong>:<br\/>markermap.net approx. $14.00 (rounded up)<br\/>markermap.app approx. $36.00 (estimated)<br\/>approx. $50.00 per year \/ <strong>$4.17 per month<\/strong><\/p>\n\n<h4 class=\"wp-block-heading\"><strong>TOTAL COSTS<\/strong><\/h4>\n\n<h5 class=\"wp-block-heading\">1047,52 \u20ac year \/ <strong>87,29 \u20ac month<\/strong> \/ round 2,90 \u20ac day<\/h5>\n\n<h2 class=\"wp-block-heading\"><strong>Settlement 2025<\/strong><\/h2>\n\n<table id=\"tablepress-2\" class=\"tablepress tablepress-id-2\">\n<thead>\n<tr class=\"row-1\">\n\t<th class=\"column-1\"><strong>Datum<\/strong><\/th><th class=\"column-2\"><strong>Position<\/strong><\/th><th class=\"column-3\"><strong>Eingang \u20ac<\/strong><\/th><th class=\"column-4\"><strong>Ausgang \u20ac<\/strong><\/th>\n<\/tr>\n<\/thead>\n<tbody class=\"row-striping row-hover\">\n<tr class=\"row-2\">\n\t<td class=\"column-1\"><\/td><td class=\"column-2\"><\/td><td class=\"column-3\"><\/td><td class=\"column-4\"><\/td>\n<\/tr>\n<tr class=\"row-3\">\n\t<td class=\"column-1\">08.01.2025<\/td><td class=\"column-2\">Managed Plesk Server S<\/td><td class=\"column-3\"><\/td><td class=\"column-4\">58,31<\/td>\n<\/tr>\n<tr class=\"row-4\">\n\t<td class=\"column-1\">08.02.2025<\/td><td class=\"column-2\">Managed Plesk Server S<\/td><td class=\"column-3\"><\/td><td class=\"column-4\">58,31<\/td>\n<\/tr>\n<tr class=\"row-5\">\n\t<td class=\"column-1\">08.03.2025<\/td><td class=\"column-2\">Managed Plesk Server S<\/td><td class=\"column-3\"><\/td><td class=\"column-4\">58,31<\/td>\n<\/tr>\n<tr class=\"row-6\">\n\t<td class=\"column-1\">08.04.2025<\/td><td class=\"column-2\">Managed Plesk Server S<\/td><td class=\"column-3\"><\/td><td class=\"column-4\">58,31<\/td>\n<\/tr>\n<tr class=\"row-7\">\n\t<td class=\"column-1\">08.05.2025<\/td><td class=\"column-2\">Managed Plesk Server S<\/td><td class=\"column-3\"><\/td><td class=\"column-4\">58,31<\/td>\n<\/tr>\n<tr class=\"row-8\">\n\t<td class=\"column-1\">08.06.2025<\/td><td class=\"column-2\">Managed Plesk Server S<\/td><td class=\"column-3\"><\/td><td class=\"column-4\">58,31<\/td>\n<\/tr>\n<tr class=\"row-9\">\n\t<td class=\"column-1\">09.06.2025<\/td><td class=\"column-2\">WP Forms Basic<\/td><td class=\"column-3\"><\/td><td class=\"column-4\">49,00<\/td>\n<\/tr>\n<tr class=\"row-10\">\n\t<td class=\"column-1\">08.07.2025<\/td><td class=\"column-2\">Managed Plesk Server S<\/td><td class=\"column-3\"><\/td><td class=\"column-4\">58,31<\/td>\n<\/tr>\n<tr class=\"row-11\">\n\t<td class=\"column-1\">08.08.2025<\/td><td class=\"column-2\">Managed Plesk Server S<\/td><td class=\"column-3\"><\/td><td class=\"column-4\">58,31<\/td>\n<\/tr>\n<tr class=\"row-12\">\n\t<td class=\"column-1\">08.09.2025<\/td><td class=\"column-2\">Managed Plesk Server S<\/td><td class=\"column-3\"><\/td><td class=\"column-4\">58,31<\/td>\n<\/tr>\n<tr class=\"row-13\">\n\t<td class=\"column-1\">01.10.2025<\/td><td class=\"column-2\">Spende A.<\/td><td class=\"column-3\">50,00<\/td><td class=\"column-4\"><\/td>\n<\/tr>\n<tr class=\"row-14\">\n\t<td class=\"column-1\">08.10.2025<\/td><td class=\"column-2\">Managed Plesk Server S<\/td><td class=\"column-3\"><\/td><td class=\"column-4\">58,31<\/td>\n<\/tr>\n<tr class=\"row-15\">\n\t<td class=\"column-1\">08.11.2025<\/td><td class=\"column-2\">Managed Plesk Server S<\/td><td class=\"column-3\"><\/td><td class=\"column-4\">58,31<\/td>\n<\/tr>\n<tr class=\"row-16\">\n\t<td class=\"column-1\">22.11.2025<\/td><td class=\"column-2\">Purchase Imunify360 Licenses<\/td><td class=\"column-3\"><\/td><td class=\"column-4\">5,83<\/td>\n<\/tr>\n<tr class=\"row-17\">\n\t<td class=\"column-1\">08.12.2025<\/td><td class=\"column-2\">Managed Plesk Server S<\/td><td class=\"column-3\"><\/td><td class=\"column-4\">58,31<\/td>\n<\/tr>\n<tr class=\"row-18\">\n\t<td class=\"column-1\">30.12.2025<\/td><td class=\"column-2\">Spende M.<\/td><td class=\"column-3\">20,00<\/td><td class=\"column-4\"><\/td>\n<\/tr>\n<tr class=\"row-19\">\n\t<td class=\"column-1\">31.12.2025<\/td><td class=\"column-2\">Maps Marker Pro \u2013 Personal package<\/td><td class=\"column-3\"><\/td><td class=\"column-4\">49,00<\/td>\n<\/tr>\n<tr class=\"row-20\">\n\t<td class=\"column-1\">31.12.2025<\/td><td class=\"column-2\">WPML Multilingual CMS<\/td><td class=\"column-3\"><\/td><td class=\"column-4\">117,81<\/td>\n<\/tr>\n<tr class=\"row-21\">\n\t<td class=\"column-1\">31.12.2025<\/td><td class=\"column-2\">Spende s.<\/td><td class=\"column-3\">117,81<\/td><td class=\"column-4\"><\/td>\n<\/tr>\n<tr class=\"row-22\">\n\t<td class=\"column-1\">31.12.2015<\/td><td class=\"column-2\">Sonstige Spenden<\/td><td class=\"column-3\">170,00<\/td><td class=\"column-4\"><\/td>\n<\/tr>\n<tr class=\"row-23\">\n\t<td class=\"column-1\">31.12.2025<\/td><td class=\"column-2\">R\u00fccklage f\u00fcr Domains<\/td><td class=\"column-3\"><\/td><td class=\"column-4\">50,00<\/td>\n<\/tr>\n<tr class=\"row-24\">\n\t<td class=\"column-1\"><\/td><td class=\"column-2\"><\/td><td class=\"column-3\"><\/td><td class=\"column-4\"><\/td>\n<\/tr>\n<tr class=\"row-25\">\n\t<td class=\"column-1\"><strong>31.12.2025<\/strong><\/td><td class=\"column-2\"><strong>Zwischenstand<\/strong><\/td><td class=\"column-3\"><strong>357,81<\/strong><\/td><td class=\"column-4\"><strong>971,36<\/strong><\/td>\n<\/tr>\n<tr class=\"row-26\">\n\t<td class=\"column-1\"><\/td><td class=\"column-2\"><\/td><td class=\"column-3\"><\/td><td class=\"column-4\"><\/td>\n<\/tr>\n<tr class=\"row-27\">\n\t<td class=\"column-1\">31.12.2025<\/td><td class=\"column-2\">Restfinanzierung L\u00f6wenherz Stiftung<\/td><td class=\"column-3\">613,55<\/td><td class=\"column-4\"><\/td>\n<\/tr>\n<tr class=\"row-28\">\n\t<td class=\"column-1\"><\/td><td class=\"column-2\"><\/td><td class=\"column-3\"><\/td><td class=\"column-4\"><\/td>\n<\/tr>\n<tr class=\"row-29\">\n\t<td class=\"column-1\"><strong>31.12.2025<\/strong><\/td><td class=\"column-2\"><strong>Abschluss<\/strong><\/td><td class=\"column-3\"><strong>971,36<\/strong><\/td><td class=\"column-4\"><strong>971,36<\/strong><\/td>\n<\/tr>\n<\/tbody>\n<\/table>\n<!-- #tablepress-2 from cache -->\n\n<p><br\/><\/p>\n","protected":false},"excerpt":{"rendered":"<p>Operator:MarkerMap interterritorialfip m20maps23 We are an independent, transnational nonprofit organization (NPO). Our services are financed exclusively through donations.Expenses include: servers, software, fees. The Jonathan L\u00f6wenherz Foundation is responsible for pre-financing and accepting donations. The regular operating costs amount to around \u20ac1,000 per year.Based on 40 users, this currently equates to \u20ac25 per year, or \u20ac18 [&hellip;]<\/p>\n","protected":false},"author":4,"featured_media":0,"parent":0,"menu_order":0,"comment_status":"closed","ping_status":"closed","template":"","meta":{"zakra_page_container_layout":"customizer","zakra_page_sidebar_layout":"customizer","zakra_remove_content_margin":false,"zakra_sidebar":"customizer","zakra_transparent_header":"customizer","zakra_logo":0,"zakra_main_header_style":"default","zakra_menu_item_color":"","zakra_menu_item_hover_color":"","zakra_menu_item_active_color":"","zakra_menu_active_style":"","zakra_page_header":true,"footnotes":""},"class_list":["post-3541","page","type-page","status-publish","hentry"],"yoast_head":"<!-- This site is optimized with the Yoast SEO plugin v27.4 - https:\/\/yoast.com\/product\/yoast-seo-wordpress\/ -->\n<title>Financing - marker &amp; maps<\/title>\n<meta name=\"robots\" content=\"index, follow, max-snippet:-1, max-image-preview:large, max-video-preview:-1\" \/>\n<link rel=\"canonical\" href=\"https:\/\/markermap.net\/en\/financing\/\" \/>\n<meta property=\"og:locale\" content=\"en_US\" \/>\n<meta property=\"og:type\" content=\"article\" \/>\n<meta property=\"og:title\" content=\"Financing - marker &amp; maps\" \/>\n<meta property=\"og:description\" content=\"Operator:MarkerMap interterritorialfip m20maps23 We are an independent, transnational nonprofit organization (NPO). Our services are financed exclusively through donations.Expenses include: servers, software, fees. The Jonathan L\u00f6wenherz Foundation is responsible for pre-financing and accepting donations. The regular operating costs amount to around \u20ac1,000 per year.Based on 40 users, this currently equates to \u20ac25 per year, or \u20ac18 [&hellip;]\" \/>\n<meta property=\"og:url\" content=\"https:\/\/markermap.net\/en\/financing\/\" \/>\n<meta property=\"og:site_name\" content=\"marker &amp; maps\" \/>\n<meta property=\"article:modified_time\" content=\"2026-02-06T14:34:59+00:00\" \/>\n<meta property=\"og:image\" content=\"https:\/\/markermap.net\/wp-content\/uploads\/mm-muster.jpg\" \/>\n\t<meta property=\"og:image:width\" content=\"1368\" \/>\n\t<meta property=\"og:image:height\" content=\"768\" \/>\n\t<meta property=\"og:image:type\" content=\"image\/jpeg\" \/>\n<meta name=\"twitter:card\" content=\"summary_large_image\" \/>\n<meta name=\"twitter:label1\" content=\"Est. reading time\" \/>\n\t<meta name=\"twitter:data1\" content=\"2 minutes\" \/>\n<script type=\"application\/ld+json\" class=\"yoast-schema-graph\">{\"@context\":\"https:\\\/\\\/schema.org\",\"@graph\":[{\"@type\":\"WebPage\",\"@id\":\"https:\\\/\\\/markermap.net\\\/en\\\/financing\\\/\",\"url\":\"https:\\\/\\\/markermap.net\\\/en\\\/financing\\\/\",\"name\":\"Financing - marker &amp; maps\",\"isPartOf\":{\"@id\":\"https:\\\/\\\/markermap.net\\\/en\\\/#website\"},\"datePublished\":\"2025-12-30T12:47:12+00:00\",\"dateModified\":\"2026-02-06T14:34:59+00:00\",\"breadcrumb\":{\"@id\":\"https:\\\/\\\/markermap.net\\\/en\\\/financing\\\/#breadcrumb\"},\"inLanguage\":\"en-US\",\"potentialAction\":[{\"@type\":\"ReadAction\",\"target\":[\"https:\\\/\\\/markermap.net\\\/en\\\/financing\\\/\"]}]},{\"@type\":\"BreadcrumbList\",\"@id\":\"https:\\\/\\\/markermap.net\\\/en\\\/financing\\\/#breadcrumb\",\"itemListElement\":[{\"@type\":\"ListItem\",\"position\":1,\"name\":\"Startseite\",\"item\":\"https:\\\/\\\/markermap.net\\\/en\\\/\"},{\"@type\":\"ListItem\",\"position\":2,\"name\":\"Financing\"}]},{\"@type\":\"WebSite\",\"@id\":\"https:\\\/\\\/markermap.net\\\/en\\\/#website\",\"url\":\"https:\\\/\\\/markermap.net\\\/en\\\/\",\"name\":\"marker &amp; maps\",\"description\":\"for a better world\",\"publisher\":{\"@id\":\"https:\\\/\\\/markermap.net\\\/en\\\/#organization\"},\"potentialAction\":[{\"@type\":\"SearchAction\",\"target\":{\"@type\":\"EntryPoint\",\"urlTemplate\":\"https:\\\/\\\/markermap.net\\\/en\\\/?s={search_term_string}\"},\"query-input\":{\"@type\":\"PropertyValueSpecification\",\"valueRequired\":true,\"valueName\":\"search_term_string\"}}],\"inLanguage\":\"en-US\"},{\"@type\":\"Organization\",\"@id\":\"https:\\\/\\\/markermap.net\\\/en\\\/#organization\",\"name\":\"MarkerMap\",\"url\":\"https:\\\/\\\/markermap.net\\\/en\\\/\",\"logo\":{\"@type\":\"ImageObject\",\"inLanguage\":\"en-US\",\"@id\":\"https:\\\/\\\/markermap.net\\\/en\\\/#\\\/schema\\\/logo\\\/image\\\/\",\"url\":\"https:\\\/\\\/markermap.net\\\/wp-content\\\/uploads\\\/markermap-icon.png\",\"contentUrl\":\"https:\\\/\\\/markermap.net\\\/wp-content\\\/uploads\\\/markermap-icon.png\",\"width\":512,\"height\":512,\"caption\":\"MarkerMap\"},\"image\":{\"@id\":\"https:\\\/\\\/markermap.net\\\/en\\\/#\\\/schema\\\/logo\\\/image\\\/\"}}]}<\/script>\n<!-- \/ Yoast SEO plugin. -->","yoast_head_json":{"title":"Financing - marker &amp; maps","robots":{"index":"index","follow":"follow","max-snippet":"max-snippet:-1","max-image-preview":"max-image-preview:large","max-video-preview":"max-video-preview:-1"},"canonical":"https:\/\/markermap.net\/en\/financing\/","og_locale":"en_US","og_type":"article","og_title":"Financing - marker &amp; maps","og_description":"Operator:MarkerMap interterritorialfip m20maps23 We are an independent, transnational nonprofit organization (NPO). Our services are financed exclusively through donations.Expenses include: servers, software, fees. The Jonathan L\u00f6wenherz Foundation is responsible for pre-financing and accepting donations. The regular operating costs amount to around \u20ac1,000 per year.Based on 40 users, this currently equates to \u20ac25 per year, or \u20ac18 [&hellip;]","og_url":"https:\/\/markermap.net\/en\/financing\/","og_site_name":"marker &amp; maps","article_modified_time":"2026-02-06T14:34:59+00:00","og_image":[{"width":1368,"height":768,"url":"https:\/\/markermap.net\/wp-content\/uploads\/mm-muster.jpg","type":"image\/jpeg"}],"twitter_card":"summary_large_image","twitter_misc":{"Est. reading time":"2 minutes"},"schema":{"@context":"https:\/\/schema.org","@graph":[{"@type":"WebPage","@id":"https:\/\/markermap.net\/en\/financing\/","url":"https:\/\/markermap.net\/en\/financing\/","name":"Financing - marker &amp; maps","isPartOf":{"@id":"https:\/\/markermap.net\/en\/#website"},"datePublished":"2025-12-30T12:47:12+00:00","dateModified":"2026-02-06T14:34:59+00:00","breadcrumb":{"@id":"https:\/\/markermap.net\/en\/financing\/#breadcrumb"},"inLanguage":"en-US","potentialAction":[{"@type":"ReadAction","target":["https:\/\/markermap.net\/en\/financing\/"]}]},{"@type":"BreadcrumbList","@id":"https:\/\/markermap.net\/en\/financing\/#breadcrumb","itemListElement":[{"@type":"ListItem","position":1,"name":"Startseite","item":"https:\/\/markermap.net\/en\/"},{"@type":"ListItem","position":2,"name":"Financing"}]},{"@type":"WebSite","@id":"https:\/\/markermap.net\/en\/#website","url":"https:\/\/markermap.net\/en\/","name":"marker &amp; maps","description":"for a better world","publisher":{"@id":"https:\/\/markermap.net\/en\/#organization"},"potentialAction":[{"@type":"SearchAction","target":{"@type":"EntryPoint","urlTemplate":"https:\/\/markermap.net\/en\/?s={search_term_string}"},"query-input":{"@type":"PropertyValueSpecification","valueRequired":true,"valueName":"search_term_string"}}],"inLanguage":"en-US"},{"@type":"Organization","@id":"https:\/\/markermap.net\/en\/#organization","name":"MarkerMap","url":"https:\/\/markermap.net\/en\/","logo":{"@type":"ImageObject","inLanguage":"en-US","@id":"https:\/\/markermap.net\/en\/#\/schema\/logo\/image\/","url":"https:\/\/markermap.net\/wp-content\/uploads\/markermap-icon.png","contentUrl":"https:\/\/markermap.net\/wp-content\/uploads\/markermap-icon.png","width":512,"height":512,"caption":"MarkerMap"},"image":{"@id":"https:\/\/markermap.net\/en\/#\/schema\/logo\/image\/"}}]}},"_links":{"self":[{"href":"https:\/\/markermap.net\/en\/wp-json\/wp\/v2\/pages\/3541","targetHints":{"allow":["GET"]}}],"collection":[{"href":"https:\/\/markermap.net\/en\/wp-json\/wp\/v2\/pages"}],"about":[{"href":"https:\/\/markermap.net\/en\/wp-json\/wp\/v2\/types\/page"}],"author":[{"embeddable":true,"href":"https:\/\/markermap.net\/en\/wp-json\/wp\/v2\/users\/4"}],"replies":[{"embeddable":true,"href":"https:\/\/markermap.net\/en\/wp-json\/wp\/v2\/comments?post=3541"}],"version-history":[{"count":19,"href":"https:\/\/markermap.net\/en\/wp-json\/wp\/v2\/pages\/3541\/revisions"}],"predecessor-version":[{"id":4128,"href":"https:\/\/markermap.net\/en\/wp-json\/wp\/v2\/pages\/3541\/revisions\/4128"}],"wp:attachment":[{"href":"https:\/\/markermap.net\/en\/wp-json\/wp\/v2\/media?parent=3541"}],"curies":[{"name":"wp","href":"https:\/\/api.w.org\/{rel}","templated":true}]}}