{"id":3537,"date":"2025-12-30T11:21:38","date_gmt":"2025-12-30T11:21:38","guid":{"rendered":"https:\/\/markermap.net\/app\/"},"modified":"2026-01-12T16:15:05","modified_gmt":"2026-01-12T16:15:05","slug":"app","status":"publish","type":"page","link":"https:\/\/markermap.net\/en\/app\/","title":{"rendered":"MarkerMap.App"},"content":{"rendered":"\n<h3 class=\"wp-block-heading\">\ud83c\udf10 The decentralized world map to help shape<\/h3>\n\n<p><strong>Find. Connect. Create.  <\/strong><br\/>Markermap.app will be an <strong>open, decentralized map platform<\/strong> where people, projects, and places are visible as <strong>markers<\/strong> on an interactive world map. Instead of scrolling through lists, you can visually discover networks\u2014markers on maps created, shared, and combined by the community. This creates a <strong>global, independent network<\/strong> that is shaped and controlled by everyone.  <\/p>\n\n<h3 class=\"wp-block-heading\">\ud83d\udcf2 Join in<\/h3>\n\n<p>Until the app is ready, create your first MarkerMap now, share your knowledge, and become part of a global map network. Start in Web2 and pave the way for the new Web3 internet. <\/p>\n\n<p>\ud83d\udc49 <strong><a href=\"https:\/\/markermap.net\/en\/entry\/\">Join now at Markermap.net<\/a><\/strong><\/p>\n\n<div class=\"wp-block-group is-layout-constrained wp-block-group-is-layout-constrained\">\n<figure class=\"wp-block-gallery has-nested-images columns-6 is-cropped wp-block-gallery-1 is-layout-flex wp-block-gallery-is-layout-flex\">\n<figure class=\"wp-block-image size-large\"><img decoding=\"async\" data-id=\"3893\" src=\"data:image\/gif;base64,R0lGODlhAQABAIAAAAAAAP\/\/\/yH5BAEAAAAALAAAAAABAAEAAAIBRAA7\" data-src=\"https:\/\/markermap.net\/wp-content\/uploads\/\/01_markermap-app_landing-1-515x1024.png\" alt=\"\" class=\"wp-image-3893 lazyload\"\/><noscript><img decoding=\"async\" width=\"515\" height=\"1024\" data-id=\"3893\" src=\"https:\/\/markermap.net\/wp-content\/uploads\/\/01_markermap-app_landing-1-515x1024.png\" alt=\"\" class=\"wp-image-3893 lazyload\" srcset=\"https:\/\/markermap.net\/wp-content\/uploads\/01_markermap-app_landing-1-515x1024.png 515w, https:\/\/markermap.net\/wp-content\/uploads\/01_markermap-app_landing-1-151x300.png 151w, https:\/\/markermap.net\/wp-content\/uploads\/01_markermap-app_landing-1-75x150.png 75w, https:\/\/markermap.net\/wp-content\/uploads\/01_markermap-app_landing-1-768x1526.png 768w, https:\/\/markermap.net\/wp-content\/uploads\/01_markermap-app_landing-1-773x1536.png 773w, https:\/\/markermap.net\/wp-content\/uploads\/01_markermap-app_landing-1.png 957w\" sizes=\"(max-width: 515px) 100vw, 515px\" \/><\/noscript><\/figure>\n\n\n\n<figure class=\"wp-block-image size-large\"><img decoding=\"async\" data-id=\"3894\" src=\"data:image\/gif;base64,R0lGODlhAQABAIAAAAAAAP\/\/\/yH5BAEAAAAALAAAAAABAAEAAAIBRAA7\" data-src=\"https:\/\/markermap.net\/wp-content\/uploads\/\/02_markermap-app_map-1-515x1024.png\" alt=\"\" class=\"wp-image-3894 lazyload\"\/><noscript><img decoding=\"async\" width=\"515\" height=\"1024\" data-id=\"3894\" src=\"https:\/\/markermap.net\/wp-content\/uploads\/\/02_markermap-app_map-1-515x1024.png\" alt=\"\" class=\"wp-image-3894 lazyload\" srcset=\"https:\/\/markermap.net\/wp-content\/uploads\/02_markermap-app_map-1-515x1024.png 515w, https:\/\/markermap.net\/wp-content\/uploads\/02_markermap-app_map-1-151x300.png 151w, https:\/\/markermap.net\/wp-content\/uploads\/02_markermap-app_map-1-75x150.png 75w, https:\/\/markermap.net\/wp-content\/uploads\/02_markermap-app_map-1-768x1526.png 768w, https:\/\/markermap.net\/wp-content\/uploads\/02_markermap-app_map-1-773x1536.png 773w, https:\/\/markermap.net\/wp-content\/uploads\/02_markermap-app_map-1.png 957w\" sizes=\"(max-width: 515px) 100vw, 515px\" \/><\/noscript><\/figure>\n\n\n\n<figure class=\"wp-block-image size-large\"><img decoding=\"async\" data-id=\"3895\" src=\"data:image\/gif;base64,R0lGODlhAQABAIAAAAAAAP\/\/\/yH5BAEAAAAALAAAAAABAAEAAAIBRAA7\" data-src=\"https:\/\/markermap.net\/wp-content\/uploads\/\/03_markermap-app_marker-1-515x1024.png\" alt=\"\" class=\"wp-image-3895 lazyload\"\/><noscript><img decoding=\"async\" width=\"515\" height=\"1024\" data-id=\"3895\" src=\"https:\/\/markermap.net\/wp-content\/uploads\/\/03_markermap-app_marker-1-515x1024.png\" alt=\"\" class=\"wp-image-3895 lazyload\" srcset=\"https:\/\/markermap.net\/wp-content\/uploads\/03_markermap-app_marker-1-515x1024.png 515w, https:\/\/markermap.net\/wp-content\/uploads\/03_markermap-app_marker-1-151x300.png 151w, https:\/\/markermap.net\/wp-content\/uploads\/03_markermap-app_marker-1-75x150.png 75w, https:\/\/markermap.net\/wp-content\/uploads\/03_markermap-app_marker-1-768x1526.png 768w, https:\/\/markermap.net\/wp-content\/uploads\/03_markermap-app_marker-1-773x1536.png 773w, https:\/\/markermap.net\/wp-content\/uploads\/03_markermap-app_marker-1.png 957w\" sizes=\"(max-width: 515px) 100vw, 515px\" \/><\/noscript><\/figure>\n\n\n\n<figure class=\"wp-block-image size-large\"><img decoding=\"async\" data-id=\"3896\" src=\"data:image\/gif;base64,R0lGODlhAQABAIAAAAAAAP\/\/\/yH5BAEAAAAALAAAAAABAAEAAAIBRAA7\" data-src=\"https:\/\/markermap.net\/wp-content\/uploads\/\/04_markermap-app_profil-1-515x1024.png\" alt=\"\" class=\"wp-image-3896 lazyload\"\/><noscript><img decoding=\"async\" width=\"515\" height=\"1024\" data-id=\"3896\" src=\"https:\/\/markermap.net\/wp-content\/uploads\/\/04_markermap-app_profil-1-515x1024.png\" alt=\"\" class=\"wp-image-3896 lazyload\" srcset=\"https:\/\/markermap.net\/wp-content\/uploads\/04_markermap-app_profil-1-515x1024.png 515w, https:\/\/markermap.net\/wp-content\/uploads\/04_markermap-app_profil-1-151x300.png 151w, https:\/\/markermap.net\/wp-content\/uploads\/04_markermap-app_profil-1-75x150.png 75w, https:\/\/markermap.net\/wp-content\/uploads\/04_markermap-app_profil-1-768x1526.png 768w, https:\/\/markermap.net\/wp-content\/uploads\/04_markermap-app_profil-1-773x1536.png 773w, https:\/\/markermap.net\/wp-content\/uploads\/04_markermap-app_profil-1.png 957w\" sizes=\"(max-width: 515px) 100vw, 515px\" \/><\/noscript><\/figure>\n\n\n\n<figure class=\"wp-block-image size-large\"><img decoding=\"async\" data-id=\"3897\" src=\"data:image\/gif;base64,R0lGODlhAQABAIAAAAAAAP\/\/\/yH5BAEAAAAALAAAAAABAAEAAAIBRAA7\" data-src=\"https:\/\/markermap.net\/wp-content\/uploads\/\/05_markermap-app_vernetzen-1-515x1024.png\" alt=\"\" class=\"wp-image-3897 lazyload\"\/><noscript><img decoding=\"async\" width=\"515\" height=\"1024\" data-id=\"3897\" src=\"https:\/\/markermap.net\/wp-content\/uploads\/\/05_markermap-app_vernetzen-1-515x1024.png\" alt=\"\" class=\"wp-image-3897 lazyload\" srcset=\"https:\/\/markermap.net\/wp-content\/uploads\/05_markermap-app_vernetzen-1-515x1024.png 515w, https:\/\/markermap.net\/wp-content\/uploads\/05_markermap-app_vernetzen-1-151x300.png 151w, https:\/\/markermap.net\/wp-content\/uploads\/05_markermap-app_vernetzen-1-75x150.png 75w, https:\/\/markermap.net\/wp-content\/uploads\/05_markermap-app_vernetzen-1-768x1526.png 768w, https:\/\/markermap.net\/wp-content\/uploads\/05_markermap-app_vernetzen-1-773x1536.png 773w, https:\/\/markermap.net\/wp-content\/uploads\/05_markermap-app_vernetzen-1.png 957w\" sizes=\"(max-width: 515px) 100vw, 515px\" \/><\/noscript><\/figure>\n\n\n\n<figure class=\"wp-block-image size-large\"><img decoding=\"async\" data-id=\"3898\" src=\"data:image\/gif;base64,R0lGODlhAQABAIAAAAAAAP\/\/\/yH5BAEAAAAALAAAAAABAAEAAAIBRAA7\" data-src=\"https:\/\/markermap.net\/wp-content\/uploads\/\/06_markermap-app_teilen-1-515x1024.png\" alt=\"\" class=\"wp-image-3898 lazyload\"\/><noscript><img decoding=\"async\" width=\"515\" height=\"1024\" data-id=\"3898\" src=\"https:\/\/markermap.net\/wp-content\/uploads\/\/06_markermap-app_teilen-1-515x1024.png\" alt=\"\" class=\"wp-image-3898 lazyload\" srcset=\"https:\/\/markermap.net\/wp-content\/uploads\/06_markermap-app_teilen-1-515x1024.png 515w, https:\/\/markermap.net\/wp-content\/uploads\/06_markermap-app_teilen-1-151x300.png 151w, https:\/\/markermap.net\/wp-content\/uploads\/06_markermap-app_teilen-1-75x150.png 75w, https:\/\/markermap.net\/wp-content\/uploads\/06_markermap-app_teilen-1-768x1526.png 768w, https:\/\/markermap.net\/wp-content\/uploads\/06_markermap-app_teilen-1-773x1536.png 773w, https:\/\/markermap.net\/wp-content\/uploads\/06_markermap-app_teilen-1.png 957w\" sizes=\"(max-width: 515px) 100vw, 515px\" \/><\/noscript><\/figure>\n<\/figure>\n<\/div>\n\n<hr class=\"wp-block-separator has-alpha-channel-opacity\"\/>\n\n<h3 class=\"wp-block-heading\">\ud83d\ude80 What makes Markermap unique<\/h3>\n\n<p>\ud83d\uddfa\ufe0f <strong>Cards reimagined<\/strong><br\/>Create and discover themed cards\u2014from bike shops to community gardens to social initiatives. Each card tells its own story. <\/p>\n\n<p>\ud83d\udccd <strong>Marker mit Bedeutung<\/strong><br\/>F\u00fcge Marker mit Infos, Links und Medien hinzu. Teile dein Wissen \u00fcber Menschen, Projekte, Orte etc. \u2013 sichtbar f\u00fcr alle oder nur f\u00fcr dein Netzwerk. <\/p>\n\n<p>\ud83d\udd17 <strong>Decentralized &amp; resilient<\/strong><br\/>Markermap will use a <strong>distributed data structure (D-App)<\/strong>. Your data is <strong>not stored on a central server<\/strong>, but is mirrored on many clients \u2013 for <strong>transparency, reliability, and digital sovereignty<\/strong>. <\/p>\n\n<p>\ud83e\udd1d <strong>Open &amp; combinable<\/strong><br\/>Markers and maps are modular in design and can be combined as desired. This creates a lively, overlapping network of topics and people. <\/p>\n\n<hr class=\"wp-block-separator has-alpha-channel-opacity\"\/>\n\n<h2 class=\"wp-block-heading\">\ud83c\udf0d Our vision<\/h2>\n\n<h4 class=\"wp-block-heading\">Goal &amp; Vision<\/h4>\n\n<p>Markermap.app pursues the vision of an <strong>open, collaboratively maintained world map<\/strong> that connects people, projects, and places\u2014<strong>without central control or data monopolies<\/strong>.<br\/>It aims to be a tool for <strong>digital sovereignty<\/strong>, <strong>transparency<\/strong>, and <strong>cooperation<\/strong>\u2014a map network by everyone, for everyone.<\/p>\n\n<p>A world map that doesn&#8217;t belong to companies \u2013 but to the community.<br\/>A tool that promotes collaboration instead of collecting data.<br\/>A place where people can visualize knowledge and network \u2013 <strong>freely, transparently, and decentralized.<\/strong><\/p>\n\n<h4 class=\"wp-block-heading\">Technical perspective (brief overview)<\/h4>\n\n<ul class=\"wp-block-list\">\n<li>Architecture: Decentralized \/ Federated (D-App principle)<\/li>\n\n\n\n<li><strong>Data storage<\/strong>: distributed data nodes, IPFS \/ P2P \/ optional blockchain<\/li>\n\n\n\n<li><strong>Front end<\/strong>: Android &amp; iOS app, web client<\/li>\n\n\n\n<li><strong>Map base<\/strong>: OpenStreetMap, Leaflet, or Mapbox<\/li>\n\n\n\n<li><strong>Synchronisierung:<\/strong> Lokales Caching + Peer-to-Peer-Datenaustausch<\/li>\n<\/ul>\n\n<hr class=\"wp-block-separator has-alpha-channel-opacity\"\/>\n\n<h4 class=\"wp-block-heading\">Core idea<\/h4>\n\n<p>Markermap is becoming a kind of <strong>\u201cdecentralized yellow pages on the map\u201d<\/strong> \u2013 a global, collaborative directory that is not controlled by a central authority.<br\/>Users enter locations, initiatives, or networks themselves and can curate their own theme maps. This creates lively, dynamic knowledge maps that can be shared and expanded worldwide. <\/p>\n\n<hr class=\"wp-block-separator has-alpha-channel-opacity\"\/>\n\n<h4 class=\"wp-block-heading\">Main functions<\/h4>\n\n<ol class=\"wp-block-list\">\n<li><strong>Create &amp; share markers<\/strong><br\/>Every user can create their own markers with information, media, and links\u2014e.g., about themselves, their company, organizations, places, etc. These markers appear on the corresponding personal map, a shared world map, and on other individual theme maps of your choice.<br\/><\/li>\n\n\n\n<li><strong>Create your own maps<\/strong><br\/>Users can create their own maps on specific topics, such as \u201cBicycle shops worldwide,\u201d \u201cPermaculture communities,\u201d or \u201cSocial projects in Europe.\u201d<br\/>Markers and maps are <strong>modular<\/strong>: they can exist independently of each other, be combined, or be displayed together.<br\/><\/li>\n\n\n\n<li><strong>Decentralized data structure (D-App)<\/strong><br>Markermap.app relies on a <strong>decentralized data model<\/strong>:\n<ul class=\"wp-block-list\">\n<li>Information is <strong>not stored centrally on a single server<\/strong>.<\/li>\n\n\n\n<li>Multiple <strong>clients<\/strong> (e.g., app instances, community nodes, or mirror nodes) can <strong>read and replicate<\/strong> data.<\/li>\n\n\n\n<li>This keeps the platform <strong>functional<\/strong> even if individual servers or data sources fail.<\/li>\n\n\n\n<li>Optionally, a blockchain- or <strong>IPFS-based architecture (D-App)<\/strong> can be used to store entries transparently and immutably.<br\/><\/li>\n<\/ul>\n<\/li>\n\n\n\n<li><strong>Offene Schnittstellen &amp; F\u00f6deration<\/strong><br\/>Markermap unterst\u00fctzt offene APIs und f\u00f6rdert <strong>f\u00f6derierte Strukturen<\/strong>, sodass verschiedene Communities ihre eigenen Instanzen betreiben und trotzdem Daten austauschen k\u00f6nnen. Selbst Dein eigener Computer oder Dein Mobiltelefon kann alle Netzwerkdaten speichern und sogar von Endger\u00e4t zu Endger\u00e4t zum Verteiler werden. So stehen jedem alle Infos auch ohne Internet zur Verf\u00fcgung.  <br\/><\/li>\n\n\n\n<li><strong>Networking &amp; discovery<\/strong><br\/>Search and filter functions allow users to browse by topic or geography, combine maps, and discover new networks.<\/li>\n<\/ol>\n","protected":false},"excerpt":{"rendered":"<p>\ud83c\udf10 The decentralized world map to help shape Find. Connect. Create. Markermap.app will be an open, decentralized map platform where people, projects, and places are visible as markers on an interactive world map. Instead of scrolling through lists, you can visually discover networks\u2014markers on maps created, shared, and combined by the community. This creates a [&hellip;]<\/p>\n","protected":false},"author":4,"featured_media":0,"parent":0,"menu_order":0,"comment_status":"closed","ping_status":"closed","template":"","meta":{"zakra_page_container_layout":"customizer","zakra_page_sidebar_layout":"customizer","zakra_remove_content_margin":false,"zakra_sidebar":"customizer","zakra_transparent_header":"customizer","zakra_logo":0,"zakra_main_header_style":"default","zakra_menu_item_color":"","zakra_menu_item_hover_color":"","zakra_menu_item_active_color":"","zakra_menu_active_style":"","zakra_page_header":true,"footnotes":""},"class_list":["post-3537","page","type-page","status-publish","hentry"],"yoast_head":"<!-- This site is optimized with the Yoast SEO plugin v27.4 - https:\/\/yoast.com\/product\/yoast-seo-wordpress\/ -->\n<title>MarkerMap.App - marker &amp; maps<\/title>\n<meta name=\"robots\" content=\"index, follow, max-snippet:-1, max-image-preview:large, max-video-preview:-1\" \/>\n<link rel=\"canonical\" href=\"https:\/\/markermap.net\/en\/app\/\" \/>\n<meta property=\"og:locale\" content=\"en_US\" \/>\n<meta property=\"og:type\" content=\"article\" \/>\n<meta property=\"og:title\" content=\"MarkerMap.App - marker &amp; maps\" \/>\n<meta property=\"og:description\" content=\"\ud83c\udf10 The decentralized world map to help shape Find. Connect. Create. Markermap.app will be an open, decentralized map platform where people, projects, and places are visible as markers on an interactive world map. Instead of scrolling through lists, you can visually discover networks\u2014markers on maps created, shared, and combined by the community. This creates a [&hellip;]\" \/>\n<meta property=\"og:url\" content=\"https:\/\/markermap.net\/en\/app\/\" \/>\n<meta property=\"og:site_name\" content=\"marker &amp; maps\" \/>\n<meta property=\"article:modified_time\" content=\"2026-01-12T16:15:05+00:00\" \/>\n<meta property=\"og:image\" content=\"https:\/\/markermap.net\/wp-content\/uploads\/01_markermap-app_landing-1.png\" \/>\n\t<meta property=\"og:image:width\" content=\"957\" \/>\n\t<meta property=\"og:image:height\" content=\"1902\" \/>\n\t<meta property=\"og:image:type\" content=\"image\/png\" \/>\n<meta name=\"twitter:card\" content=\"summary_large_image\" \/>\n<meta name=\"twitter:label1\" content=\"Est. reading time\" \/>\n\t<meta name=\"twitter:data1\" content=\"3 minutes\" \/>\n<script type=\"application\/ld+json\" class=\"yoast-schema-graph\">{\"@context\":\"https:\\\/\\\/schema.org\",\"@graph\":[{\"@type\":\"WebPage\",\"@id\":\"https:\\\/\\\/markermap.net\\\/en\\\/app\\\/\",\"url\":\"https:\\\/\\\/markermap.net\\\/en\\\/app\\\/\",\"name\":\"MarkerMap.App - marker &amp; maps\",\"isPartOf\":{\"@id\":\"https:\\\/\\\/markermap.net\\\/en\\\/#website\"},\"primaryImageOfPage\":{\"@id\":\"https:\\\/\\\/markermap.net\\\/en\\\/app\\\/#primaryimage\"},\"image\":{\"@id\":\"https:\\\/\\\/markermap.net\\\/en\\\/app\\\/#primaryimage\"},\"thumbnailUrl\":\"https:\\\/\\\/markermap.net\\\/wp-content\\\/uploads\\\/\\\/01_markermap-app_landing-1-515x1024.png\",\"datePublished\":\"2025-12-30T11:21:38+00:00\",\"dateModified\":\"2026-01-12T16:15:05+00:00\",\"breadcrumb\":{\"@id\":\"https:\\\/\\\/markermap.net\\\/en\\\/app\\\/#breadcrumb\"},\"inLanguage\":\"en-US\",\"potentialAction\":[{\"@type\":\"ReadAction\",\"target\":[\"https:\\\/\\\/markermap.net\\\/en\\\/app\\\/\"]}]},{\"@type\":\"ImageObject\",\"inLanguage\":\"en-US\",\"@id\":\"https:\\\/\\\/markermap.net\\\/en\\\/app\\\/#primaryimage\",\"url\":\"https:\\\/\\\/markermap.net\\\/wp-content\\\/uploads\\\/\\\/01_markermap-app_landing-1-515x1024.png\",\"contentUrl\":\"https:\\\/\\\/markermap.net\\\/wp-content\\\/uploads\\\/\\\/01_markermap-app_landing-1-515x1024.png\"},{\"@type\":\"BreadcrumbList\",\"@id\":\"https:\\\/\\\/markermap.net\\\/en\\\/app\\\/#breadcrumb\",\"itemListElement\":[{\"@type\":\"ListItem\",\"position\":1,\"name\":\"Startseite\",\"item\":\"https:\\\/\\\/markermap.net\\\/en\\\/\"},{\"@type\":\"ListItem\",\"position\":2,\"name\":\"MarkerMap.App\"}]},{\"@type\":\"WebSite\",\"@id\":\"https:\\\/\\\/markermap.net\\\/en\\\/#website\",\"url\":\"https:\\\/\\\/markermap.net\\\/en\\\/\",\"name\":\"marker &amp; maps\",\"description\":\"for a better world\",\"publisher\":{\"@id\":\"https:\\\/\\\/markermap.net\\\/en\\\/#organization\"},\"potentialAction\":[{\"@type\":\"SearchAction\",\"target\":{\"@type\":\"EntryPoint\",\"urlTemplate\":\"https:\\\/\\\/markermap.net\\\/en\\\/?s={search_term_string}\"},\"query-input\":{\"@type\":\"PropertyValueSpecification\",\"valueRequired\":true,\"valueName\":\"search_term_string\"}}],\"inLanguage\":\"en-US\"},{\"@type\":\"Organization\",\"@id\":\"https:\\\/\\\/markermap.net\\\/en\\\/#organization\",\"name\":\"MarkerMap\",\"url\":\"https:\\\/\\\/markermap.net\\\/en\\\/\",\"logo\":{\"@type\":\"ImageObject\",\"inLanguage\":\"en-US\",\"@id\":\"https:\\\/\\\/markermap.net\\\/en\\\/#\\\/schema\\\/logo\\\/image\\\/\",\"url\":\"https:\\\/\\\/markermap.net\\\/wp-content\\\/uploads\\\/markermap-icon.png\",\"contentUrl\":\"https:\\\/\\\/markermap.net\\\/wp-content\\\/uploads\\\/markermap-icon.png\",\"width\":512,\"height\":512,\"caption\":\"MarkerMap\"},\"image\":{\"@id\":\"https:\\\/\\\/markermap.net\\\/en\\\/#\\\/schema\\\/logo\\\/image\\\/\"}}]}<\/script>\n<!-- \/ Yoast SEO plugin. -->","yoast_head_json":{"title":"MarkerMap.App - marker &amp; maps","robots":{"index":"index","follow":"follow","max-snippet":"max-snippet:-1","max-image-preview":"max-image-preview:large","max-video-preview":"max-video-preview:-1"},"canonical":"https:\/\/markermap.net\/en\/app\/","og_locale":"en_US","og_type":"article","og_title":"MarkerMap.App - marker &amp; maps","og_description":"\ud83c\udf10 The decentralized world map to help shape Find. Connect. Create. Markermap.app will be an open, decentralized map platform where people, projects, and places are visible as markers on an interactive world map. Instead of scrolling through lists, you can visually discover networks\u2014markers on maps created, shared, and combined by the community. This creates a [&hellip;]","og_url":"https:\/\/markermap.net\/en\/app\/","og_site_name":"marker &amp; maps","article_modified_time":"2026-01-12T16:15:05+00:00","og_image":[{"width":957,"height":1902,"url":"https:\/\/markermap.net\/wp-content\/uploads\/01_markermap-app_landing-1.png","type":"image\/png"}],"twitter_card":"summary_large_image","twitter_misc":{"Est. reading time":"3 minutes"},"schema":{"@context":"https:\/\/schema.org","@graph":[{"@type":"WebPage","@id":"https:\/\/markermap.net\/en\/app\/","url":"https:\/\/markermap.net\/en\/app\/","name":"MarkerMap.App - marker &amp; maps","isPartOf":{"@id":"https:\/\/markermap.net\/en\/#website"},"primaryImageOfPage":{"@id":"https:\/\/markermap.net\/en\/app\/#primaryimage"},"image":{"@id":"https:\/\/markermap.net\/en\/app\/#primaryimage"},"thumbnailUrl":"https:\/\/markermap.net\/wp-content\/uploads\/\/01_markermap-app_landing-1-515x1024.png","datePublished":"2025-12-30T11:21:38+00:00","dateModified":"2026-01-12T16:15:05+00:00","breadcrumb":{"@id":"https:\/\/markermap.net\/en\/app\/#breadcrumb"},"inLanguage":"en-US","potentialAction":[{"@type":"ReadAction","target":["https:\/\/markermap.net\/en\/app\/"]}]},{"@type":"ImageObject","inLanguage":"en-US","@id":"https:\/\/markermap.net\/en\/app\/#primaryimage","url":"https:\/\/markermap.net\/wp-content\/uploads\/\/01_markermap-app_landing-1-515x1024.png","contentUrl":"https:\/\/markermap.net\/wp-content\/uploads\/\/01_markermap-app_landing-1-515x1024.png"},{"@type":"BreadcrumbList","@id":"https:\/\/markermap.net\/en\/app\/#breadcrumb","itemListElement":[{"@type":"ListItem","position":1,"name":"Startseite","item":"https:\/\/markermap.net\/en\/"},{"@type":"ListItem","position":2,"name":"MarkerMap.App"}]},{"@type":"WebSite","@id":"https:\/\/markermap.net\/en\/#website","url":"https:\/\/markermap.net\/en\/","name":"marker &amp; maps","description":"for a better world","publisher":{"@id":"https:\/\/markermap.net\/en\/#organization"},"potentialAction":[{"@type":"SearchAction","target":{"@type":"EntryPoint","urlTemplate":"https:\/\/markermap.net\/en\/?s={search_term_string}"},"query-input":{"@type":"PropertyValueSpecification","valueRequired":true,"valueName":"search_term_string"}}],"inLanguage":"en-US"},{"@type":"Organization","@id":"https:\/\/markermap.net\/en\/#organization","name":"MarkerMap","url":"https:\/\/markermap.net\/en\/","logo":{"@type":"ImageObject","inLanguage":"en-US","@id":"https:\/\/markermap.net\/en\/#\/schema\/logo\/image\/","url":"https:\/\/markermap.net\/wp-content\/uploads\/markermap-icon.png","contentUrl":"https:\/\/markermap.net\/wp-content\/uploads\/markermap-icon.png","width":512,"height":512,"caption":"MarkerMap"},"image":{"@id":"https:\/\/markermap.net\/en\/#\/schema\/logo\/image\/"}}]}},"_links":{"self":[{"href":"https:\/\/markermap.net\/en\/wp-json\/wp\/v2\/pages\/3537","targetHints":{"allow":["GET"]}}],"collection":[{"href":"https:\/\/markermap.net\/en\/wp-json\/wp\/v2\/pages"}],"about":[{"href":"https:\/\/markermap.net\/en\/wp-json\/wp\/v2\/types\/page"}],"author":[{"embeddable":true,"href":"https:\/\/markermap.net\/en\/wp-json\/wp\/v2\/users\/4"}],"replies":[{"embeddable":true,"href":"https:\/\/markermap.net\/en\/wp-json\/wp\/v2\/comments?post=3537"}],"version-history":[{"count":4,"href":"https:\/\/markermap.net\/en\/wp-json\/wp\/v2\/pages\/3537\/revisions"}],"predecessor-version":[{"id":3910,"href":"https:\/\/markermap.net\/en\/wp-json\/wp\/v2\/pages\/3537\/revisions\/3910"}],"wp:attachment":[{"href":"https:\/\/markermap.net\/en\/wp-json\/wp\/v2\/media?parent=3537"}],"curies":[{"name":"wp","href":"https:\/\/api.w.org\/{rel}","templated":true}]}}